{"id":1621,"date":"2023-10-06T16:13:04","date_gmt":"2023-10-06T14:13:04","guid":{"rendered":"https:\/\/lamerise.alsace\/the-menus\/"},"modified":"2026-05-05T21:30:55","modified_gmt":"2026-05-05T19:30:55","slug":"the-menus","status":"publish","type":"page","link":"https:\/\/lamerise.alsace\/en\/the-menus\/","title":{"rendered":"The Menus"},"content":{"rendered":"\t\t<div data-elementor-type=\"wp-page\" data-elementor-id=\"1621\" class=\"elementor elementor-1621 elementor-275\" data-elementor-post-type=\"page\">\n\t\t\t\t\t\t<section class=\"elementor-section elementor-top-section elementor-element elementor-element-187adf8 elementor-section-full_width elementor-section-height-default elementor-section-height-default\" data-id=\"187adf8\" data-element_type=\"section\" data-e-type=\"section\">\n\t\t\t\t\t\t<div class=\"elementor-container elementor-column-gap-default\">\n\t\t\t\t\t<div class=\"elementor-column elementor-col-100 elementor-top-column elementor-element elementor-element-3e153aa\" data-id=\"3e153aa\" data-element_type=\"column\" data-e-type=\"column\">\n\t\t\t<div class=\"elementor-widget-wrap elementor-element-populated\">\n\t\t\t\t\t\t<div class=\"elementor-element elementor-element-a8bfe51 elementor--h-position-center elementor--v-position-middle elementor-widget elementor-widget-slides\" data-id=\"a8bfe51\" data-element_type=\"widget\" data-e-type=\"widget\" data-settings=\"{&quot;navigation&quot;:&quot;none&quot;,&quot;transition&quot;:&quot;fade&quot;,&quot;autoplay&quot;:&quot;yes&quot;,&quot;autoplay_speed&quot;:5000,&quot;infinite&quot;:&quot;yes&quot;,&quot;transition_speed&quot;:500}\" data-widget_type=\"slides.default\">\n\t\t\t\t\t\t\t\t\t\t<div class=\"elementor-slides-wrapper elementor-main-swiper swiper\" role=\"region\" aria-roledescription=\"carousel\" aria-label=\"Slides\" dir=\"ltr\" data-animation=\"fadeInUp\">\n\t\t\t\t<div class=\"swiper-wrapper elementor-slides\">\n\t\t\t\t\t\t\t\t\t\t<div class=\"elementor-repeater-item-6ae7092 swiper-slide\" role=\"group\" aria-roledescription=\"slide\"><div class=\"swiper-slide-bg\" role=\"img\" aria-label=\"GT2A8928\"><\/div><div class=\"swiper-slide-inner\" ><div class=\"swiper-slide-contents\"><\/div><\/div><\/div><div class=\"elementor-repeater-item-7fc11b2 swiper-slide\" role=\"group\" aria-roledescription=\"slide\"><div class=\"swiper-slide-bg\" role=\"img\" aria-label=\"GT2A9017\"><\/div><div class=\"swiper-slide-inner\" ><div class=\"swiper-slide-contents\"><\/div><\/div><\/div>\t\t\t\t<\/div>\n\t\t\t\t\t\t\t\t\t\t\t\t\t\t\t\t\t\t\t\t\t<\/div>\n\t\t\t\t\t\t\t\t<\/div>\n\t\t\t\t<section class=\"elementor-section elementor-inner-section elementor-element elementor-element-3244794 elementor-section-boxed elementor-section-height-default elementor-section-height-default\" data-id=\"3244794\" data-element_type=\"section\" data-e-type=\"section\">\n\t\t\t\t\t\t<div class=\"elementor-container elementor-column-gap-default\">\n\t\t\t\t\t<div class=\"elementor-column elementor-col-100 elementor-inner-column elementor-element elementor-element-7aab69c\" data-id=\"7aab69c\" data-element_type=\"column\" data-e-type=\"column\">\n\t\t\t<div class=\"elementor-widget-wrap elementor-element-populated\">\n\t\t\t\t\t\t<div class=\"elementor-element elementor-element-1ce934a elementor-invisible elementor-widget elementor-widget-heading\" data-id=\"1ce934a\" data-element_type=\"widget\" data-e-type=\"widget\" data-settings=\"{&quot;_animation&quot;:&quot;fadeInUp&quot;,&quot;_animation_delay&quot;:400}\" data-widget_type=\"heading.default\">\n\t\t\t\t\t<h1 class=\"elementor-heading-title elementor-size-default\">The Menus<\/h1>\t\t\t\t<\/div>\n\t\t\t\t<div class=\"elementor-element elementor-element-896363d elementor-invisible elementor-widget elementor-widget-heading\" data-id=\"896363d\" data-element_type=\"widget\" data-e-type=\"widget\" data-settings=\"{&quot;_animation&quot;:&quot;fadeInUp&quot;,&quot;_animation_delay&quot;:800}\" data-widget_type=\"heading.default\">\n\t\t\t\t\t<div class=\"elementor-heading-title elementor-size-default\">An Invitation to Discover<\/div>\t\t\t\t<\/div>\n\t\t\t\t\t<\/div>\n\t\t<\/div>\n\t\t\t\t\t<\/div>\n\t\t<\/section>\n\t\t\t\t\t<\/div>\n\t\t<\/div>\n\t\t\t\t\t<\/div>\n\t\t<\/section>\n\t\t\t\t<section class=\"elementor-section elementor-top-section elementor-element elementor-element-9a3f802 elementor-section-full_width elementor-section-height-default elementor-section-height-default\" data-id=\"9a3f802\" data-element_type=\"section\" data-e-type=\"section\">\n\t\t\t\t\t\t<div class=\"elementor-container elementor-column-gap-default\">\n\t\t\t\t\t<div class=\"elementor-column elementor-col-50 elementor-top-column elementor-element elementor-element-5462827\" data-id=\"5462827\" data-element_type=\"column\" data-e-type=\"column\">\n\t\t\t<div class=\"elementor-widget-wrap elementor-element-populated\">\n\t\t\t\t\t\t<div class=\"elementor-element elementor-element-0ed478b elementor-invisible elementor-widget elementor-widget-image\" data-id=\"0ed478b\" data-element_type=\"widget\" data-e-type=\"widget\" data-settings=\"{&quot;_animation&quot;:&quot;fadeIn&quot;}\" data-widget_type=\"image.default\">\n\t\t\t\t\t\t\t\t\t\t\t\t\t\t\t<img fetchpriority=\"high\" decoding=\"async\" width=\"1024\" height=\"1536\" src=\"https:\/\/lamerise.alsace\/wp-content\/uploads\/2025\/09\/GT2A9266-1024x1536.jpg\" class=\"attachment-1536x1536 size-1536x1536 wp-image-2588\" alt=\"\" srcset=\"https:\/\/lamerise.alsace\/wp-content\/uploads\/2025\/09\/GT2A9266-1024x1536.jpg 1024w, https:\/\/lamerise.alsace\/wp-content\/uploads\/2025\/09\/GT2A9266-200x300.jpg 200w, https:\/\/lamerise.alsace\/wp-content\/uploads\/2025\/09\/GT2A9266-683x1024.jpg 683w, https:\/\/lamerise.alsace\/wp-content\/uploads\/2025\/09\/GT2A9266-768x1152.jpg 768w, https:\/\/lamerise.alsace\/wp-content\/uploads\/2025\/09\/GT2A9266-1365x2048.jpg 1365w\" sizes=\"(max-width: 1024px) 100vw, 1024px\" \/>\t\t\t\t\t\t\t\t\t\t\t\t\t\t\t<\/div>\n\t\t\t\t\t<\/div>\n\t\t<\/div>\n\t\t\t\t<div class=\"elementor-column elementor-col-50 elementor-top-column elementor-element elementor-element-b0517d8\" data-id=\"b0517d8\" data-element_type=\"column\" data-e-type=\"column\">\n\t\t\t<div class=\"elementor-widget-wrap elementor-element-populated\">\n\t\t\t\t\t\t<section class=\"elementor-section elementor-inner-section elementor-element elementor-element-cf72139 elementor-section-boxed elementor-section-height-default elementor-section-height-default\" data-id=\"cf72139\" data-element_type=\"section\" data-e-type=\"section\">\n\t\t\t\t\t\t<div class=\"elementor-container elementor-column-gap-default\">\n\t\t\t\t\t<div class=\"elementor-column elementor-col-100 elementor-inner-column elementor-element elementor-element-e38ce24 animated-slow elementor-invisible\" data-id=\"e38ce24\" data-element_type=\"column\" data-e-type=\"column\" data-settings=\"{&quot;background_background&quot;:&quot;classic&quot;,&quot;animation&quot;:&quot;fadeInUp&quot;,&quot;animation_delay&quot;:400}\">\n\t\t\t<div class=\"elementor-widget-wrap elementor-element-populated\">\n\t\t\t\t\t\t<div class=\"elementor-element elementor-element-69d8268 elementor-widget__width-auto elementor-widget elementor-widget-heading\" data-id=\"69d8268\" data-element_type=\"widget\" data-e-type=\"widget\" data-widget_type=\"heading.default\">\n\t\t\t\t\t<h2 class=\"elementor-heading-title elementor-size-default\">LA MERISE<\/h2>\t\t\t\t<\/div>\n\t\t\t\t<div class=\"elementor-element elementor-element-4606b4d elementor-widget elementor-widget-heading\" data-id=\"4606b4d\" data-element_type=\"widget\" data-e-type=\"widget\" data-widget_type=\"heading.default\">\n\t\t\t\t\t<div class=\"elementor-heading-title elementor-size-default\">EN 7 TEMPS<\/div>\t\t\t\t<\/div>\n\t\t\t\t<div class=\"elementor-element elementor-element-f8dbb6e elementor-widget elementor-widget-text-editor\" data-id=\"f8dbb6e\" data-element_type=\"widget\" data-e-type=\"widget\" data-widget_type=\"text-editor.default\">\n\t\t\t\t\t\t\t\t\t<p>Les Pr\u00e9mices<\/p>\n<p>Egg, Nutmeg, Ginger<\/p>\n<p style=\"font-weight: 400\">Langoustines, Tartare, Mustard<\/p>\n<p class=\"p1\">White asparagus tips, Cr\u00e9mant, Pomelo<\/p>\n<p>Pike-Perch \u201cl&#8217;Ami Henri\u201d<\/p>\n<p><em><strong>Homage to Alsace<\/strong><\/em><\/p>\n<p data-start=\"259\" data-end=\"312\">Pigeon Breast, Horseradish, Coffee<\/p>\n<p data-start=\"314\" data-end=\"316\"><em><strong>Or<\/strong><\/em><\/p>\n<p data-start=\"318\" data-end=\"417\">Wagyu Beef, Alliums, Pont-Neuf Potatoes (\u20ac45 supplement)<\/p>\n<p data-start=\"419\" data-end=\"442\">Invitation to Discovery<\/p>\n<p data-start=\"444\" data-end=\"470\">Sweet Delights<\/p>\n\t\t\t\t\t\t\t\t<\/div>\n\t\t\t\t<div class=\"elementor-element elementor-element-83f92c2 elementor-widget-divider--view-line elementor-widget elementor-widget-divider\" data-id=\"83f92c2\" data-element_type=\"widget\" data-e-type=\"widget\" data-widget_type=\"divider.default\">\n\t\t\t\t\t\t\t<div class=\"elementor-divider\">\n\t\t\t<span class=\"elementor-divider-separator\">\n\t\t\t\t\t\t<\/span>\n\t\t<\/div>\n\t\t\t\t\t\t<\/div>\n\t\t\t\t<div class=\"elementor-element elementor-element-dddadd4 elementor-widget elementor-widget-text-editor\" data-id=\"dddadd4\" data-element_type=\"widget\" data-e-type=\"widget\" data-widget_type=\"text-editor.default\">\n\t\t\t\t\t\t\t\t\t<p>225\u20ac<\/p>\n<p>Wine pairing (5 glasses): \u20ac75 per person<br data-start=\"44\" data-end=\"47\" \/>Non-alcoholic pairing: \u20ac48 per person<\/p>\n\t\t\t\t\t\t\t\t<\/div>\n\t\t\t\t<div class=\"elementor-element elementor-element-1ac6188 elementor-widget elementor-widget-text-editor\" data-id=\"1ac6188\" data-element_type=\"widget\" data-e-type=\"widget\" data-widget_type=\"text-editor.default\">\n\t\t\t\t\t\t\t\t\t<p>TO ENHANCE THE MENU<\/p>\n<p>&#8220;My Fondest Childhood Memories&#8221; and Truffles \u20ac18<\/p>\n<p>Cheese Trolley \u20ac30<\/p>\n<p><em>For your information, Menus and Prices are subject to possible changes due to market supply and seasons.<\/em><\/p>\n\t\t\t\t\t\t\t\t<\/div>\n\t\t\t\t\t<\/div>\n\t\t<\/div>\n\t\t\t\t\t<\/div>\n\t\t<\/section>\n\t\t\t\t\t<\/div>\n\t\t<\/div>\n\t\t\t\t\t<\/div>\n\t\t<\/section>\n\t\t\t\t<section class=\"elementor-section elementor-top-section elementor-element elementor-element-cd68b66 elementor-section-full_width elementor-section-height-default elementor-section-height-default\" data-id=\"cd68b66\" data-element_type=\"section\" data-e-type=\"section\">\n\t\t\t\t\t\t<div class=\"elementor-container elementor-column-gap-default\">\n\t\t\t\t\t<div class=\"elementor-column elementor-col-50 elementor-top-column elementor-element elementor-element-bce5b6c\" data-id=\"bce5b6c\" data-element_type=\"column\" data-e-type=\"column\">\n\t\t\t<div class=\"elementor-widget-wrap elementor-element-populated\">\n\t\t\t\t\t\t<section class=\"elementor-section elementor-inner-section elementor-element elementor-element-2be519f elementor-section-boxed elementor-section-height-default elementor-section-height-default\" data-id=\"2be519f\" data-element_type=\"section\" data-e-type=\"section\">\n\t\t\t\t\t\t<div class=\"elementor-container elementor-column-gap-default\">\n\t\t\t\t\t<div class=\"elementor-column elementor-col-100 elementor-inner-column elementor-element elementor-element-0e06a53 animated-slow elementor-invisible\" data-id=\"0e06a53\" data-element_type=\"column\" data-e-type=\"column\" data-settings=\"{&quot;background_background&quot;:&quot;classic&quot;,&quot;animation&quot;:&quot;fadeInUp&quot;,&quot;animation_delay&quot;:400}\">\n\t\t\t<div class=\"elementor-widget-wrap elementor-element-populated\">\n\t\t\t\t\t\t<div class=\"elementor-element elementor-element-c77a8bc elementor-widget__width-auto elementor-widget elementor-widget-heading\" data-id=\"c77a8bc\" data-element_type=\"widget\" data-e-type=\"widget\" data-widget_type=\"heading.default\">\n\t\t\t\t\t<h2 class=\"elementor-heading-title elementor-size-default\">LA MERISE<\/h2>\t\t\t\t<\/div>\n\t\t\t\t<div class=\"elementor-element elementor-element-f2dc968 elementor-widget elementor-widget-heading\" data-id=\"f2dc968\" data-element_type=\"widget\" data-e-type=\"widget\" data-widget_type=\"heading.default\">\n\t\t\t\t\t<div class=\"elementor-heading-title elementor-size-default\">EN 5 TEMPS<\/div>\t\t\t\t<\/div>\n\t\t\t\t<div class=\"elementor-element elementor-element-6a76614 elementor-widget elementor-widget-text-editor\" data-id=\"6a76614\" data-element_type=\"widget\" data-e-type=\"widget\" data-widget_type=\"text-editor.default\">\n\t\t\t\t\t\t\t\t\t<p>Les Pr\u00e9mices<\/p>\n<p>Egg, Nutmeg, Ginger<\/p>\n<p style=\"font-weight: 400\">Langoustines, Tartare, Mustard<\/p>\n<p><strong><em>Homage to Alsace<\/em><\/strong><\/p>\n<p data-start=\"259\" data-end=\"312\">Pigeon Breast, Horseradish, Coffee<\/p>\n<p data-start=\"314\" data-end=\"316\"><em><strong>Or<\/strong><\/em><\/p>\n<p data-start=\"318\" data-end=\"417\">Wagyu Beef, Alliums, Pont-Neuf Potatoes (\u20ac45 supplement)<\/p>\n<p data-start=\"419\" data-end=\"442\">Invitation to Discovery<\/p>\n<p data-start=\"444\" data-end=\"470\">Sweet Delights<\/p>\n\t\t\t\t\t\t\t\t<\/div>\n\t\t\t\t<div class=\"elementor-element elementor-element-2b52390 elementor-widget-divider--view-line elementor-widget elementor-widget-divider\" data-id=\"2b52390\" data-element_type=\"widget\" data-e-type=\"widget\" data-widget_type=\"divider.default\">\n\t\t\t\t\t\t\t<div class=\"elementor-divider\">\n\t\t\t<span class=\"elementor-divider-separator\">\n\t\t\t\t\t\t<\/span>\n\t\t<\/div>\n\t\t\t\t\t\t<\/div>\n\t\t\t\t<div class=\"elementor-element elementor-element-e63ce54 elementor-widget elementor-widget-text-editor\" data-id=\"e63ce54\" data-element_type=\"widget\" data-e-type=\"widget\" data-widget_type=\"text-editor.default\">\n\t\t\t\t\t\t\t\t\t<p>175\u20ac<\/p>\n<p>Wine pairing (3 glasses): \u20ac45 per person<br data-start=\"44\" data-end=\"47\" \/>Non-alcoholic pairing: \u20ac32 per person<\/p>\n\t\t\t\t\t\t\t\t<\/div>\n\t\t\t\t<div class=\"elementor-element elementor-element-33fb4df elementor-widget elementor-widget-text-editor\" data-id=\"33fb4df\" data-element_type=\"widget\" data-e-type=\"widget\" data-widget_type=\"text-editor.default\">\n\t\t\t\t\t\t\t\t\t<p>TO ENHANCE THE MENU<\/p>\n<p>&#8220;My Fondest Childhood Memories&#8221; and Truffles \u20ac18<\/p>\n<p>Cheese Trolley \u20ac30<\/p>\n<p><em>For your information, Menus and Prices are subject to possible changes due to market supply and seasons.<\/em><\/p>\n\t\t\t\t\t\t\t\t<\/div>\n\t\t\t\t\t<\/div>\n\t\t<\/div>\n\t\t\t\t\t<\/div>\n\t\t<\/section>\n\t\t\t\t\t<\/div>\n\t\t<\/div>\n\t\t\t\t<div class=\"elementor-column elementor-col-50 elementor-top-column elementor-element elementor-element-b223525\" data-id=\"b223525\" data-element_type=\"column\" data-e-type=\"column\">\n\t\t\t<div class=\"elementor-widget-wrap elementor-element-populated\">\n\t\t\t\t\t\t<div class=\"elementor-element elementor-element-6ba03a2 elementor-invisible elementor-widget elementor-widget-image\" data-id=\"6ba03a2\" data-element_type=\"widget\" data-e-type=\"widget\" data-settings=\"{&quot;_animation&quot;:&quot;fadeIn&quot;}\" data-widget_type=\"image.default\">\n\t\t\t\t\t\t\t\t\t\t\t\t\t\t\t<img decoding=\"async\" width=\"1536\" height=\"1024\" src=\"https:\/\/lamerise.alsace\/wp-content\/uploads\/2026\/02\/GT2A9191-1536x1024.jpg\" class=\"attachment-1536x1536 size-1536x1536 wp-image-2625\" alt=\"\" srcset=\"https:\/\/lamerise.alsace\/wp-content\/uploads\/2026\/02\/GT2A9191-1536x1024.jpg 1536w, https:\/\/lamerise.alsace\/wp-content\/uploads\/2026\/02\/GT2A9191-300x200.jpg 300w, https:\/\/lamerise.alsace\/wp-content\/uploads\/2026\/02\/GT2A9191-1024x683.jpg 1024w, https:\/\/lamerise.alsace\/wp-content\/uploads\/2026\/02\/GT2A9191-768x512.jpg 768w, https:\/\/lamerise.alsace\/wp-content\/uploads\/2026\/02\/GT2A9191-2048x1365.jpg 2048w\" sizes=\"(max-width: 1536px) 100vw, 1536px\" \/>\t\t\t\t\t\t\t\t\t\t\t\t\t\t\t<\/div>\n\t\t\t\t\t<\/div>\n\t\t<\/div>\n\t\t\t\t\t<\/div>\n\t\t<\/section>\n\t\t\t\t<section class=\"elementor-section elementor-top-section elementor-element elementor-element-21dd459 elementor-section-full_width elementor-reverse-mobile elementor-section-height-default elementor-section-height-default\" data-id=\"21dd459\" data-element_type=\"section\" data-e-type=\"section\">\n\t\t\t\t\t\t<div class=\"elementor-container elementor-column-gap-default\">\n\t\t\t\t\t<div class=\"elementor-column elementor-col-50 elementor-top-column elementor-element elementor-element-34e69de\" data-id=\"34e69de\" data-element_type=\"column\" data-e-type=\"column\">\n\t\t\t<div class=\"elementor-widget-wrap elementor-element-populated\">\n\t\t\t\t\t\t<div class=\"elementor-element elementor-element-c238271 elementor-invisible elementor-widget elementor-widget-image\" data-id=\"c238271\" data-element_type=\"widget\" data-e-type=\"widget\" data-settings=\"{&quot;_animation&quot;:&quot;fadeIn&quot;}\" data-widget_type=\"image.default\">\n\t\t\t\t\t\t\t\t\t\t\t\t\t\t\t<img decoding=\"async\" width=\"1024\" height=\"1536\" src=\"https:\/\/lamerise.alsace\/wp-content\/uploads\/2025\/08\/GT2A9340-1024x1536.jpg\" class=\"attachment-1536x1536 size-1536x1536 wp-image-2499\" alt=\"\" srcset=\"https:\/\/lamerise.alsace\/wp-content\/uploads\/2025\/08\/GT2A9340-1024x1536.jpg 1024w, https:\/\/lamerise.alsace\/wp-content\/uploads\/2025\/08\/GT2A9340-200x300.jpg 200w, https:\/\/lamerise.alsace\/wp-content\/uploads\/2025\/08\/GT2A9340-683x1024.jpg 683w, https:\/\/lamerise.alsace\/wp-content\/uploads\/2025\/08\/GT2A9340-768x1152.jpg 768w, https:\/\/lamerise.alsace\/wp-content\/uploads\/2025\/08\/GT2A9340-1365x2048.jpg 1365w\" sizes=\"(max-width: 1024px) 100vw, 1024px\" \/>\t\t\t\t\t\t\t\t\t\t\t\t\t\t\t<\/div>\n\t\t\t\t\t<\/div>\n\t\t<\/div>\n\t\t\t\t<div class=\"elementor-column elementor-col-50 elementor-top-column elementor-element elementor-element-03a4df5\" data-id=\"03a4df5\" data-element_type=\"column\" data-e-type=\"column\">\n\t\t\t<div class=\"elementor-widget-wrap elementor-element-populated\">\n\t\t\t\t\t\t<section class=\"elementor-section elementor-inner-section elementor-element elementor-element-d23d1ab elementor-section-boxed elementor-section-height-default elementor-section-height-default\" data-id=\"d23d1ab\" data-element_type=\"section\" data-e-type=\"section\">\n\t\t\t\t\t\t<div class=\"elementor-container elementor-column-gap-default\">\n\t\t\t\t\t<div class=\"elementor-column elementor-col-100 elementor-inner-column elementor-element elementor-element-cc728ea animated-slow elementor-invisible\" data-id=\"cc728ea\" data-element_type=\"column\" data-e-type=\"column\" data-settings=\"{&quot;background_background&quot;:&quot;classic&quot;,&quot;animation&quot;:&quot;fadeInUp&quot;,&quot;animation_delay&quot;:400}\">\n\t\t\t<div class=\"elementor-widget-wrap elementor-element-populated\">\n\t\t\t\t\t\t<div class=\"elementor-element elementor-element-b49c295 elementor-widget__width-auto elementor-widget elementor-widget-heading\" data-id=\"b49c295\" data-element_type=\"widget\" data-e-type=\"widget\" data-widget_type=\"heading.default\">\n\t\t\t\t\t<h2 class=\"elementor-heading-title elementor-size-default\">LUNCH<\/h2>\t\t\t\t<\/div>\n\t\t\t\t<div class=\"elementor-element elementor-element-a904978 elementor-widget elementor-widget-heading\" data-id=\"a904978\" data-element_type=\"widget\" data-e-type=\"widget\" data-widget_type=\"heading.default\">\n\t\t\t\t\t<div class=\"elementor-heading-title elementor-size-default\">Between meadows and orchards<\/div>\t\t\t\t<\/div>\n\t\t\t\t<div class=\"elementor-element elementor-element-7faefea elementor-widget elementor-widget-text-editor\" data-id=\"7faefea\" data-element_type=\"widget\" data-e-type=\"widget\" data-widget_type=\"text-editor.default\">\n\t\t\t\t\t\t\t\t\t<p>3-Step Menu<\/p>\n<p>Available Thursday noon and Friday noon<\/p>\n<p>(Excluding public holidays)<\/p>\n\t\t\t\t\t\t\t\t<\/div>\n\t\t\t\t<div class=\"elementor-element elementor-element-3ba6fbb elementor-widget-divider--view-line elementor-widget elementor-widget-divider\" data-id=\"3ba6fbb\" data-element_type=\"widget\" data-e-type=\"widget\" data-widget_type=\"divider.default\">\n\t\t\t\t\t\t\t<div class=\"elementor-divider\">\n\t\t\t<span class=\"elementor-divider-separator\">\n\t\t\t\t\t\t<\/span>\n\t\t<\/div>\n\t\t\t\t\t\t<\/div>\n\t\t\t\t<div class=\"elementor-element elementor-element-45ee8a0 elementor-widget elementor-widget-text-editor\" data-id=\"45ee8a0\" data-element_type=\"widget\" data-e-type=\"widget\" data-widget_type=\"text-editor.default\">\n\t\t\t\t\t\t\t\t\t<p>98\u20ac<\/p>\n<p>Wine pairing (2 glasses): \u20ac30 per person<br data-start=\"44\" data-end=\"47\" \/>Non-alcoholic pairing: \u20ac25 per person<\/p>\n\t\t\t\t\t\t\t\t<\/div>\n\t\t\t\t<div class=\"elementor-element elementor-element-493d166 elementor-widget elementor-widget-text-editor\" data-id=\"493d166\" data-element_type=\"widget\" data-e-type=\"widget\" data-widget_type=\"text-editor.default\">\n\t\t\t\t\t\t\t\t\t<p>TO ENHANCE THE MENU<\/p>\n<p>&#8220;My Fondest Childhood Memories&#8221; and Truffles \u20ac18<\/p>\n<p>Cheese Trolley \u20ac30<\/p>\n<p><em>For your information, Menus and Prices are subject to possible changes due to market supply and seasons.<\/em><\/p>\n\t\t\t\t\t\t\t\t<\/div>\n\t\t\t\t\t<\/div>\n\t\t<\/div>\n\t\t\t\t\t<\/div>\n\t\t<\/section>\n\t\t\t\t\t<\/div>\n\t\t<\/div>\n\t\t\t\t\t<\/div>\n\t\t<\/section>\n\t\t\t\t<section class=\"elementor-section elementor-top-section elementor-element elementor-element-58b8a4b elementor-section-full_width elementor-section-height-min-height elementor-section-items-stretch elementor-section-height-default\" data-id=\"58b8a4b\" data-element_type=\"section\" data-e-type=\"section\">\n\t\t\t\t\t\t<div class=\"elementor-container elementor-column-gap-default\">\n\t\t\t\t\t<div class=\"elementor-column elementor-col-100 elementor-top-column elementor-element elementor-element-6b8e014\" data-id=\"6b8e014\" data-element_type=\"column\" data-e-type=\"column\" data-settings=\"{&quot;background_background&quot;:&quot;classic&quot;}\">\n\t\t\t<div class=\"elementor-widget-wrap elementor-element-populated\">\n\t\t\t\t\t<div class=\"elementor-background-overlay\"><\/div>\n\t\t\t\t\t\t<div class=\"elementor-element elementor-element-af0a833 animated-slow elementor-invisible elementor-widget elementor-widget-heading\" data-id=\"af0a833\" data-element_type=\"widget\" data-e-type=\"widget\" data-settings=\"{&quot;_animation_delay&quot;:0,&quot;_animation&quot;:&quot;fadeIn&quot;}\" data-widget_type=\"heading.default\">\n\t\t\t\t\t<h3 class=\"elementor-heading-title elementor-size-default\">Discover the creations of Chef C\u00e9dric Deckert, and the unforgettable setting of La Merise restaurant.<\/h3>\t\t\t\t<\/div>\n\t\t\t\t<div class=\"elementor-element elementor-element-4c40831 elementor-align-center elementor-invisible elementor-widget elementor-widget-button\" data-id=\"4c40831\" data-element_type=\"widget\" data-e-type=\"widget\" data-settings=\"{&quot;_animation&quot;:&quot;fadeIn&quot;}\" data-widget_type=\"button.default\">\n\t\t\t\t\t\t\t\t\t\t<a class=\"elementor-button elementor-button-link elementor-size-lg\" href=\"#elementor-action%3Aaction%3Dpopup%3Aopen%26settings%3DeyJpZCI6MTU1NSwidG9nZ2xlIjpmYWxzZX0%3D\">\n\t\t\t\t\t\t<span class=\"elementor-button-content-wrapper\">\n\t\t\t\t\t\t\t\t\t<span class=\"elementor-button-text\">Book online<\/span>\n\t\t\t\t\t<\/span>\n\t\t\t\t\t<\/a>\n\t\t\t\t\t\t\t\t<\/div>\n\t\t\t\t<div class=\"elementor-element elementor-element-c4055a4 elementor-invisible elementor-widget elementor-widget-text-editor\" data-id=\"c4055a4\" data-element_type=\"widget\" data-e-type=\"widget\" data-settings=\"{&quot;_animation&quot;:&quot;fadeIn&quot;}\" data-widget_type=\"text-editor.default\">\n\t\t\t\t\t\t\t\t\t<p>Call us on <a title=\"\" href=\"tel:+33388900261\" data-original-title=\"\"><span title=\"\" data-original-title=\"\" aria-describedby=\"tooltip868133\">+33 (0)3 88 90 02 61<\/span><\/a><br \/>\nor write to us at <a href=\"mailto:info@lamerise.alsace\">info@lamerise.alsace<\/a><\/p>\n\t\t\t\t\t\t\t\t<\/div>\n\t\t\t\t<div class=\"elementor-element elementor-element-4925821 elementor-widget elementor-widget-image\" data-id=\"4925821\" data-element_type=\"widget\" data-e-type=\"widget\" data-widget_type=\"image.default\">\n\t\t\t\t\t\t\t\t\t\t\t\t\t\t\t\t<a href=\"https:\/\/www.relaischateaux.com\/fr\/restaurant\/la-merise\/\" target=\"_blank\">\n\t\t\t\t\t\t\t<img loading=\"lazy\" decoding=\"async\" width=\"800\" height=\"834\" src=\"https:\/\/lamerise.alsace\/wp-content\/uploads\/2023\/10\/RELAIS_ET_CHATEAUX_LOGO_blanc-982x1024.png\" class=\"attachment-large size-large wp-image-2001\" alt=\"\" srcset=\"https:\/\/lamerise.alsace\/wp-content\/uploads\/2023\/10\/RELAIS_ET_CHATEAUX_LOGO_blanc-982x1024.png 982w, https:\/\/lamerise.alsace\/wp-content\/uploads\/2023\/10\/RELAIS_ET_CHATEAUX_LOGO_blanc-288x300.png 288w, https:\/\/lamerise.alsace\/wp-content\/uploads\/2023\/10\/RELAIS_ET_CHATEAUX_LOGO_blanc-768x801.png 768w, https:\/\/lamerise.alsace\/wp-content\/uploads\/2023\/10\/RELAIS_ET_CHATEAUX_LOGO_blanc-1472x1536.png 1472w, https:\/\/lamerise.alsace\/wp-content\/uploads\/2023\/10\/RELAIS_ET_CHATEAUX_LOGO_blanc.png 1690w\" sizes=\"(max-width: 800px) 100vw, 800px\" \/>\t\t\t\t\t\t\t\t<\/a>\n\t\t\t\t\t\t\t\t\t\t\t\t\t\t\t<\/div>\n\t\t\t\t\t<\/div>\n\t\t<\/div>\n\t\t\t\t\t<\/div>\n\t\t<\/section>\n\t\t\t\t<\/div>\n\t\t","protected":false},"excerpt":{"rendered":"<p>The menus An Invitation to Discover THE MERISE Like an Evidence&#8230; Les Pr\u00e9mices Golden Egg with Nutmeg and Ginger Variation on Bloody Mary, Langoustines and Caviar Osci\u00e8tre Perch, Potato Pur\u00e9e with Iceland Green Sea Urchin Coral, Tansy Vinaigrette Roast Pigeon Breast, Coffee Reduced Juice, Celery, Horseradish Nem SIGNATURE DISH&#8220;Mes Meilleurs Souvenirs d&#8217;Enfance et Truffes&#8221; (My [&hellip;]<\/p>\n","protected":false},"author":1,"featured_media":0,"parent":0,"menu_order":0,"comment_status":"closed","ping_status":"closed","template":"","meta":{"_acf_changed":false,"footnotes":""},"class_list":["post-1621","page","type-page","status-publish","hentry"],"acf":[],"_links":{"self":[{"href":"https:\/\/lamerise.alsace\/en\/wp-json\/wp\/v2\/pages\/1621","targetHints":{"allow":["GET"]}}],"collection":[{"href":"https:\/\/lamerise.alsace\/en\/wp-json\/wp\/v2\/pages"}],"about":[{"href":"https:\/\/lamerise.alsace\/en\/wp-json\/wp\/v2\/types\/page"}],"author":[{"embeddable":true,"href":"https:\/\/lamerise.alsace\/en\/wp-json\/wp\/v2\/users\/1"}],"replies":[{"embeddable":true,"href":"https:\/\/lamerise.alsace\/en\/wp-json\/wp\/v2\/comments?post=1621"}],"version-history":[{"count":25,"href":"https:\/\/lamerise.alsace\/en\/wp-json\/wp\/v2\/pages\/1621\/revisions"}],"predecessor-version":[{"id":2633,"href":"https:\/\/lamerise.alsace\/en\/wp-json\/wp\/v2\/pages\/1621\/revisions\/2633"}],"wp:attachment":[{"href":"https:\/\/lamerise.alsace\/en\/wp-json\/wp\/v2\/media?parent=1621"}],"curies":[{"name":"wp","href":"https:\/\/api.w.org\/{rel}","templated":true}]}}