{"id":1605,"date":"2023-10-06T16:58:46","date_gmt":"2023-10-06T14:58:46","guid":{"rendered":"https:\/\/lamerise.alsace\/die-kueche\/"},"modified":"2024-05-27T09:03:55","modified_gmt":"2024-05-27T07:03:55","slug":"die-kueche","status":"publish","type":"page","link":"https:\/\/lamerise.alsace\/de\/die-kueche\/","title":{"rendered":"Die K\u00fcche"},"content":{"rendered":"\t\t<div data-elementor-type=\"wp-page\" data-elementor-id=\"1605\" class=\"elementor elementor-1605 elementor-279\" data-elementor-post-type=\"page\">\n\t\t\t\t\t\t<section class=\"elementor-section elementor-top-section elementor-element elementor-element-fb162d1 elementor-section-full_width elementor-section-height-default elementor-section-height-default\" data-id=\"fb162d1\" data-element_type=\"section\" data-e-type=\"section\">\n\t\t\t\t\t\t<div class=\"elementor-container elementor-column-gap-default\">\n\t\t\t\t\t<div class=\"elementor-column elementor-col-100 elementor-top-column elementor-element elementor-element-fddf96e\" data-id=\"fddf96e\" data-element_type=\"column\" data-e-type=\"column\">\n\t\t\t<div class=\"elementor-widget-wrap elementor-element-populated\">\n\t\t\t\t\t\t<div class=\"elementor-element elementor-element-56088ca elementor--h-position-center elementor--v-position-middle elementor-widget elementor-widget-slides\" data-id=\"56088ca\" data-element_type=\"widget\" data-e-type=\"widget\" data-settings=\"{&quot;navigation&quot;:&quot;none&quot;,&quot;transition&quot;:&quot;fade&quot;,&quot;autoplay&quot;:&quot;yes&quot;,&quot;autoplay_speed&quot;:5000,&quot;infinite&quot;:&quot;yes&quot;,&quot;transition_speed&quot;:500}\" data-widget_type=\"slides.default\">\n\t\t\t\t\t\t\t\t\t\t<div class=\"elementor-slides-wrapper elementor-main-swiper swiper\" role=\"region\" aria-roledescription=\"carousel\" aria-label=\"Slider\" dir=\"ltr\" data-animation=\"fadeInUp\">\n\t\t\t\t<div class=\"swiper-wrapper elementor-slides\">\n\t\t\t\t\t\t\t\t\t\t<div class=\"elementor-repeater-item-b5b0f60 swiper-slide\" role=\"group\" aria-roledescription=\"slide\"><div class=\"swiper-slide-bg\" role=\"img\" aria-label=\"GT2A8858\"><\/div><div class=\"swiper-slide-inner\" ><div class=\"swiper-slide-contents\"><\/div><\/div><\/div>\t\t\t\t<\/div>\n\t\t\t\t\t\t\t<\/div>\n\t\t\t\t\t\t\t\t<\/div>\n\t\t\t\t<section class=\"elementor-section elementor-inner-section elementor-element elementor-element-de7b5ee elementor-section-boxed elementor-section-height-default elementor-section-height-default\" data-id=\"de7b5ee\" data-element_type=\"section\" data-e-type=\"section\">\n\t\t\t\t\t\t<div class=\"elementor-container elementor-column-gap-default\">\n\t\t\t\t\t<div class=\"elementor-column elementor-col-100 elementor-inner-column elementor-element elementor-element-7eb409e\" data-id=\"7eb409e\" data-element_type=\"column\" data-e-type=\"column\">\n\t\t\t<div class=\"elementor-widget-wrap elementor-element-populated\">\n\t\t\t\t\t\t<div class=\"elementor-element elementor-element-25c0570 elementor-invisible elementor-widget elementor-widget-heading\" data-id=\"25c0570\" data-element_type=\"widget\" data-e-type=\"widget\" data-settings=\"{&quot;_animation&quot;:&quot;fadeInUp&quot;,&quot;_animation_delay&quot;:400}\" data-widget_type=\"heading.default\">\n\t\t\t\t\t<h1 class=\"elementor-heading-title elementor-size-default\">Die K\u00fcche<\/h1>\t\t\t\t<\/div>\n\t\t\t\t<div class=\"elementor-element elementor-element-f44e635 elementor-invisible elementor-widget elementor-widget-heading\" data-id=\"f44e635\" data-element_type=\"widget\" data-e-type=\"widget\" data-settings=\"{&quot;_animation&quot;:&quot;fadeInUp&quot;,&quot;_animation_delay&quot;:800}\" data-widget_type=\"heading.default\">\n\t\t\t\t\t<div class=\"elementor-heading-title elementor-size-default\">Von Cedric Deckert<\/div>\t\t\t\t<\/div>\n\t\t\t\t\t<\/div>\n\t\t<\/div>\n\t\t\t\t\t<\/div>\n\t\t<\/section>\n\t\t\t\t\t<\/div>\n\t\t<\/div>\n\t\t\t\t\t<\/div>\n\t\t<\/section>\n\t\t\t\t<section class=\"elementor-section elementor-top-section elementor-element elementor-element-c3da8bf elementor-section-full_width elementor-reverse-mobile elementor-section-height-default elementor-section-height-default\" data-id=\"c3da8bf\" data-element_type=\"section\" data-e-type=\"section\">\n\t\t\t\t\t\t<div class=\"elementor-container elementor-column-gap-default\">\n\t\t\t\t\t<div class=\"elementor-column elementor-col-50 elementor-top-column elementor-element elementor-element-c54fa0c\" data-id=\"c54fa0c\" data-element_type=\"column\" data-e-type=\"column\">\n\t\t\t<div class=\"elementor-widget-wrap elementor-element-populated\">\n\t\t\t\t\t\t<div class=\"elementor-element elementor-element-cf90759 elementor-invisible elementor-widget elementor-widget-image\" data-id=\"cf90759\" data-element_type=\"widget\" data-e-type=\"widget\" data-settings=\"{&quot;_animation&quot;:&quot;fadeIn&quot;}\" data-widget_type=\"image.default\">\n\t\t\t\t\t\t\t\t\t\t\t\t\t\t\t<img fetchpriority=\"high\" decoding=\"async\" width=\"1024\" height=\"1536\" src=\"https:\/\/lamerise.alsace\/wp-content\/uploads\/2025\/09\/GT2A8945-1024x1536.jpg\" class=\"attachment-1536x1536 size-1536x1536 wp-image-2572\" alt=\"\" srcset=\"https:\/\/lamerise.alsace\/wp-content\/uploads\/2025\/09\/GT2A8945-1024x1536.jpg 1024w, https:\/\/lamerise.alsace\/wp-content\/uploads\/2025\/09\/GT2A8945-200x300.jpg 200w, https:\/\/lamerise.alsace\/wp-content\/uploads\/2025\/09\/GT2A8945-683x1024.jpg 683w, https:\/\/lamerise.alsace\/wp-content\/uploads\/2025\/09\/GT2A8945-768x1152.jpg 768w, https:\/\/lamerise.alsace\/wp-content\/uploads\/2025\/09\/GT2A8945-1365x2048.jpg 1365w\" sizes=\"(max-width: 1024px) 100vw, 1024px\" \/>\t\t\t\t\t\t\t\t\t\t\t\t\t\t\t<\/div>\n\t\t\t\t\t<\/div>\n\t\t<\/div>\n\t\t\t\t<div class=\"elementor-column elementor-col-50 elementor-top-column elementor-element elementor-element-62f484d animated-slow elementor-invisible\" data-id=\"62f484d\" data-element_type=\"column\" data-e-type=\"column\" data-settings=\"{&quot;animation&quot;:&quot;fadeInUp&quot;,&quot;animation_delay&quot;:300}\">\n\t\t\t<div class=\"elementor-widget-wrap elementor-element-populated\">\n\t\t\t\t\t<div class=\"elementor-background-overlay\"><\/div>\n\t\t\t\t\t\t<div class=\"elementor-element elementor-element-8275045 elementor-widget elementor-widget-heading\" data-id=\"8275045\" data-element_type=\"widget\" data-e-type=\"widget\" data-widget_type=\"heading.default\">\n\t\t\t\t\t<h2 class=\"elementor-heading-title elementor-size-default\">K\u00fcchenchef C\u00e9dric Deckert<\/h2>\t\t\t\t<\/div>\n\t\t\t\t<div class=\"elementor-element elementor-element-a6bcdc8 elementor-widget elementor-widget-text-editor\" data-id=\"a6bcdc8\" data-element_type=\"widget\" data-e-type=\"widget\" data-widget_type=\"text-editor.default\">\n\t\t\t\t\t\t\t\t\t<p>Was Sie im La Merise beeindruckt, ist die pure Emotion, die die K\u00fcche von K\u00fcchenchef C\u00e9dric Deckert ausl\u00f6st. Ihr Blick f\u00e4llt auf grafische Gericte, die gro\u00dfartige gastronomische Technik und eine moderne Vision widerspiegeln.<br \/>\nDann wird die Verkostung intensiv. Herrlich und k\u00f6stlich, zeigt der Wunsch des K\u00fcchenchefs, einen kostbaren Moment zu bieten, jedes Gericht entfaltet sich durch kr\u00e4ftige Aromen.<\/p>\n<p>Sie entdecken k\u00fchne, aber stets unverwechselbare Kombinationen. Das Produkt steht im Mittelpunkt des Tellers und wird mit Saucen, Jus und Gew\u00fcrzen in einer bemerkenswerten Balance bereichert.<\/p>\n<p>Wie C\u00e9dric Deckert gerne sagt: &#8222;Meine K\u00fcche spiegelt wider, wer ich im Leben bin&#8220;. Gro\u00dfz\u00fcgig und aufrichtig, sie betr\u00fcgt nicht. Die Sorgfalt, mit der der K\u00fcchenchef seine Gerichte kreiert, offenbart sich durch das Prisma des Genusses.<\/p>\n\t\t\t\t\t\t\t\t<\/div>\n\t\t\t\t\t<\/div>\n\t\t<\/div>\n\t\t\t\t\t<\/div>\n\t\t<\/section>\n\t\t\t\t<section class=\"elementor-section elementor-top-section elementor-element elementor-element-0e210a3 elementor-section-full_width elementor-section-height-default elementor-section-height-default\" data-id=\"0e210a3\" data-element_type=\"section\" data-e-type=\"section\">\n\t\t\t\t\t\t<div class=\"elementor-container elementor-column-gap-default\">\n\t\t\t\t\t<div class=\"elementor-column elementor-col-50 elementor-top-column elementor-element elementor-element-ed5df0e elementor-invisible\" data-id=\"ed5df0e\" data-element_type=\"column\" data-e-type=\"column\" data-settings=\"{&quot;animation&quot;:&quot;fadeInUp&quot;,&quot;animation_delay&quot;:300}\">\n\t\t\t<div class=\"elementor-widget-wrap elementor-element-populated\">\n\t\t\t\t\t<div class=\"elementor-background-overlay\"><\/div>\n\t\t\t\t\t\t<div class=\"elementor-element elementor-element-f4fa2e2 elementor-widget elementor-widget-heading\" data-id=\"f4fa2e2\" data-element_type=\"widget\" data-e-type=\"widget\" data-widget_type=\"heading.default\">\n\t\t\t\t\t<h2 class=\"elementor-heading-title elementor-size-default\">Wein-Terroir<\/h2>\t\t\t\t<\/div>\n\t\t\t\t<div class=\"elementor-element elementor-element-d614979 elementor-widget elementor-widget-text-editor\" data-id=\"d614979\" data-element_type=\"widget\" data-e-type=\"widget\" data-widget_type=\"text-editor.default\">\n\t\t\t\t\t\t\t\t\t<p>Die enge Zusammenarbeit von Christelle und C\u00e9dric Deckert erstreckt sich auch auf die Sommelier-Abteilung. Gemeinsam betreuen sie einen gl\u00e4nzenden, modernen Weinkeller.<\/p>\n<p>Der im Jahr 2020 in \u00fcber neun Monaten Bauzeit aus hochwertigen Materialien erbaute Keller ist ebenso sch\u00f6n und einladend wie er mit Weinen leidenschaftlicher Winzer, renommierten Appellationen und bemerkenswerten Jahrg\u00e4ngen gef\u00fcllt ist.<\/p>\n<p>Mit unvergleichlicher Finesse und einer echten Wertsch\u00e4tzung des Terroirs der Region erweitert Christelle Deckert die Weinkarte von La Merise mit Freude. Von den 480 angebotenen Weinen stammen 180 aus dem Elsass.<\/p>\n<p>Christelle Deckert w\u00e4hlt Weine aus, die zu den Gerichten des Hauses passen. Die K\u00fcche dem K\u00fcchenchef harmoniert perfekt mit den lokalen Weinen, die sie mit Leidenschaft pr\u00e4sentiert und deren (wieder)Entdeckung sie f\u00f6rdert.<\/p>\n\t\t\t\t\t\t\t\t<\/div>\n\t\t\t\t\t<\/div>\n\t\t<\/div>\n\t\t\t\t<div class=\"elementor-column elementor-col-50 elementor-top-column elementor-element elementor-element-17fb666\" data-id=\"17fb666\" data-element_type=\"column\" data-e-type=\"column\">\n\t\t\t<div class=\"elementor-widget-wrap elementor-element-populated\">\n\t\t\t\t\t\t<div class=\"elementor-element elementor-element-590d773 elementor-invisible elementor-widget elementor-widget-image\" data-id=\"590d773\" data-element_type=\"widget\" data-e-type=\"widget\" data-settings=\"{&quot;_animation&quot;:&quot;fadeIn&quot;}\" data-widget_type=\"image.default\">\n\t\t\t\t\t\t\t\t\t\t\t\t\t\t\t<img decoding=\"async\" width=\"1024\" height=\"1536\" src=\"https:\/\/lamerise.alsace\/wp-content\/uploads\/2025\/09\/GT2A0514-1024x1536.jpg\" class=\"attachment-1536x1536 size-1536x1536 wp-image-2565\" alt=\"\" srcset=\"https:\/\/lamerise.alsace\/wp-content\/uploads\/2025\/09\/GT2A0514-1024x1536.jpg 1024w, https:\/\/lamerise.alsace\/wp-content\/uploads\/2025\/09\/GT2A0514-200x300.jpg 200w, https:\/\/lamerise.alsace\/wp-content\/uploads\/2025\/09\/GT2A0514-683x1024.jpg 683w, https:\/\/lamerise.alsace\/wp-content\/uploads\/2025\/09\/GT2A0514-768x1152.jpg 768w, https:\/\/lamerise.alsace\/wp-content\/uploads\/2025\/09\/GT2A0514-1365x2048.jpg 1365w\" sizes=\"(max-width: 1024px) 100vw, 1024px\" \/>\t\t\t\t\t\t\t\t\t\t\t\t\t\t\t<\/div>\n\t\t\t\t\t<\/div>\n\t\t<\/div>\n\t\t\t\t\t<\/div>\n\t\t<\/section>\n\t\t\t\t<section class=\"elementor-section elementor-top-section elementor-element elementor-element-0b0c52a elementor-section-full_width elementor-section-height-default elementor-section-height-default\" data-id=\"0b0c52a\" data-element_type=\"section\" data-e-type=\"section\">\n\t\t\t\t\t\t<div class=\"elementor-container elementor-column-gap-default\">\n\t\t\t\t\t<div class=\"elementor-column elementor-col-33 elementor-top-column elementor-element elementor-element-33e943a\" data-id=\"33e943a\" data-element_type=\"column\" data-e-type=\"column\">\n\t\t\t<div class=\"elementor-widget-wrap elementor-element-populated\">\n\t\t\t\t\t\t<div class=\"elementor-element elementor-element-2581b43 elementor-invisible elementor-widget elementor-widget-image\" data-id=\"2581b43\" data-element_type=\"widget\" data-e-type=\"widget\" data-settings=\"{&quot;_animation&quot;:&quot;fadeIn&quot;}\" data-widget_type=\"image.default\">\n\t\t\t\t\t\t\t\t\t\t\t\t\t\t\t<img decoding=\"async\" width=\"683\" height=\"1024\" src=\"https:\/\/lamerise.alsace\/wp-content\/uploads\/2025\/09\/GT2A8793-683x1024.jpg\" class=\"attachment-large size-large wp-image-2566\" alt=\"\" srcset=\"https:\/\/lamerise.alsace\/wp-content\/uploads\/2025\/09\/GT2A8793-683x1024.jpg 683w, https:\/\/lamerise.alsace\/wp-content\/uploads\/2025\/09\/GT2A8793-200x300.jpg 200w, https:\/\/lamerise.alsace\/wp-content\/uploads\/2025\/09\/GT2A8793-768x1152.jpg 768w, https:\/\/lamerise.alsace\/wp-content\/uploads\/2025\/09\/GT2A8793-1024x1536.jpg 1024w, https:\/\/lamerise.alsace\/wp-content\/uploads\/2025\/09\/GT2A8793-1365x2048.jpg 1365w\" sizes=\"(max-width: 683px) 100vw, 683px\" \/>\t\t\t\t\t\t\t\t\t\t\t\t\t\t\t<\/div>\n\t\t\t\t\t<\/div>\n\t\t<\/div>\n\t\t\t\t<div class=\"elementor-column elementor-col-33 elementor-top-column elementor-element elementor-element-f98a9dd\" data-id=\"f98a9dd\" data-element_type=\"column\" data-e-type=\"column\">\n\t\t\t<div class=\"elementor-widget-wrap elementor-element-populated\">\n\t\t\t\t\t\t<div class=\"elementor-element elementor-element-282cfbe elementor-invisible elementor-widget elementor-widget-image\" data-id=\"282cfbe\" data-element_type=\"widget\" data-e-type=\"widget\" data-settings=\"{&quot;_animation&quot;:&quot;fadeIn&quot;,&quot;_animation_delay&quot;:400}\" data-widget_type=\"image.default\">\n\t\t\t\t\t\t\t\t\t\t\t\t\t\t\t<img loading=\"lazy\" decoding=\"async\" width=\"683\" height=\"1024\" src=\"https:\/\/lamerise.alsace\/wp-content\/uploads\/2025\/09\/GT2A8707-683x1024.jpg\" class=\"attachment-large size-large wp-image-2567\" alt=\"\" srcset=\"https:\/\/lamerise.alsace\/wp-content\/uploads\/2025\/09\/GT2A8707-683x1024.jpg 683w, https:\/\/lamerise.alsace\/wp-content\/uploads\/2025\/09\/GT2A8707-200x300.jpg 200w, https:\/\/lamerise.alsace\/wp-content\/uploads\/2025\/09\/GT2A8707-768x1152.jpg 768w, https:\/\/lamerise.alsace\/wp-content\/uploads\/2025\/09\/GT2A8707-1024x1536.jpg 1024w, https:\/\/lamerise.alsace\/wp-content\/uploads\/2025\/09\/GT2A8707-1365x2048.jpg 1365w\" sizes=\"(max-width: 683px) 100vw, 683px\" \/>\t\t\t\t\t\t\t\t\t\t\t\t\t\t\t<\/div>\n\t\t\t\t\t<\/div>\n\t\t<\/div>\n\t\t\t\t<div class=\"elementor-column elementor-col-33 elementor-top-column elementor-element elementor-element-6e85f77\" data-id=\"6e85f77\" data-element_type=\"column\" data-e-type=\"column\">\n\t\t\t<div class=\"elementor-widget-wrap elementor-element-populated\">\n\t\t\t\t\t\t<div class=\"elementor-element elementor-element-2930e2d elementor-invisible elementor-widget elementor-widget-image\" data-id=\"2930e2d\" data-element_type=\"widget\" data-e-type=\"widget\" data-settings=\"{&quot;_animation&quot;:&quot;fadeIn&quot;,&quot;_animation_delay&quot;:800}\" data-widget_type=\"image.default\">\n\t\t\t\t\t\t\t\t\t\t\t\t\t\t\t<img loading=\"lazy\" decoding=\"async\" width=\"683\" height=\"1024\" src=\"https:\/\/lamerise.alsace\/wp-content\/uploads\/2025\/09\/GT2A8904-683x1024.jpg\" class=\"attachment-large size-large wp-image-2571\" alt=\"\" srcset=\"https:\/\/lamerise.alsace\/wp-content\/uploads\/2025\/09\/GT2A8904-683x1024.jpg 683w, https:\/\/lamerise.alsace\/wp-content\/uploads\/2025\/09\/GT2A8904-200x300.jpg 200w, https:\/\/lamerise.alsace\/wp-content\/uploads\/2025\/09\/GT2A8904-768x1152.jpg 768w, https:\/\/lamerise.alsace\/wp-content\/uploads\/2025\/09\/GT2A8904-1024x1536.jpg 1024w, https:\/\/lamerise.alsace\/wp-content\/uploads\/2025\/09\/GT2A8904-1365x2048.jpg 1365w\" sizes=\"(max-width: 683px) 100vw, 683px\" \/>\t\t\t\t\t\t\t\t\t\t\t\t\t\t\t<\/div>\n\t\t\t\t\t<\/div>\n\t\t<\/div>\n\t\t\t\t\t<\/div>\n\t\t<\/section>\n\t\t\t\t<section class=\"elementor-section elementor-top-section elementor-element elementor-element-65a8d50 elementor-section-height-min-height elementor-section-boxed elementor-section-height-default elementor-section-items-middle\" data-id=\"65a8d50\" data-element_type=\"section\" data-e-type=\"section\">\n\t\t\t\t\t\t<div class=\"elementor-container elementor-column-gap-default\">\n\t\t\t\t\t<div class=\"elementor-column elementor-col-100 elementor-top-column elementor-element elementor-element-2b6022c animated-slow elementor-invisible\" data-id=\"2b6022c\" data-element_type=\"column\" data-e-type=\"column\" data-settings=\"{&quot;animation&quot;:&quot;fadeIn&quot;}\">\n\t\t\t<div class=\"elementor-widget-wrap elementor-element-populated\">\n\t\t\t\t\t\t<div class=\"elementor-element elementor-element-5fb24a2 elementor-view-default elementor-widget elementor-widget-icon\" data-id=\"5fb24a2\" data-element_type=\"widget\" data-e-type=\"widget\" data-widget_type=\"icon.default\">\n\t\t\t\t\t\t\t<div class=\"elementor-icon-wrapper\">\n\t\t\t<div class=\"elementor-icon\">\n\t\t\t<svg xmlns=\"http:\/\/www.w3.org\/2000\/svg\" xmlns:xlink=\"http:\/\/www.w3.org\/1999\/xlink\" id=\"Calque_1\" x=\"0px\" y=\"0px\" viewBox=\"0 0 894 654\" style=\"enable-background:new 0 0 894 654;\" xml:space=\"preserve\"><style type=\"text\/css\">\t.st0{fill:#161614;}<\/style><g>\t<path class=\"st0\" d=\"M0.7,174C0.7,78.3,92.1,0.7,204.8,0.7S409,78.3,409,174c0,241.5-263.5,478-263.5,478l-1.2-0.6  c0,0,153.8-215.2,136.2-316.3c-23.4,7.9-48.9,12.3-75.6,12.3C92.1,347.3,0.7,269.7,0.7,174z\"><\/path>\t<path d=\"M485,174C485,78.3,576.4,0.7,689.2,0.7S893.3,78.3,893.3,174c0,241.5-263.5,478-263.5,478l-1.2-0.6  c0,0,153.8-215.2,136.2-316.3c-23.4,7.9-48.9,12.3-75.6,12.3C576.4,347.3,485,269.7,485,174z\"><\/path><\/g><\/svg>\t\t\t<\/div>\n\t\t<\/div>\n\t\t\t\t\t\t<\/div>\n\t\t\t\t<div class=\"elementor-element elementor-element-b6b6bf8 elementor-widget elementor-widget-heading\" data-id=\"b6b6bf8\" data-element_type=\"widget\" data-e-type=\"widget\" data-widget_type=\"heading.default\">\n\t\t\t\t\t<h3 class=\"elementor-heading-title elementor-size-default\">Das Restaurant La Merise ist der Ort, an dem die K\u00fcche von C\u00e9dric Deckert ihre Spuren hinterl\u00e4sst.  <br>Aufrichtig und mutig besticht sie durch ihre beeindruckende Ausgewogenheit. Klar und anschaulich offenbart sie sich mit Poesie.<\/h3>\t\t\t\t<\/div>\n\t\t\t\t<div class=\"elementor-element elementor-element-64b4231 elementor-view-default elementor-widget elementor-widget-icon\" data-id=\"64b4231\" data-element_type=\"widget\" data-e-type=\"widget\" data-widget_type=\"icon.default\">\n\t\t\t\t\t\t\t<div class=\"elementor-icon-wrapper\">\n\t\t\t<div class=\"elementor-icon\">\n\t\t\t<svg xmlns=\"http:\/\/www.w3.org\/2000\/svg\" xmlns:xlink=\"http:\/\/www.w3.org\/1999\/xlink\" id=\"Calque_1\" x=\"0px\" y=\"0px\" viewBox=\"0 0 894 654\" style=\"enable-background:new 0 0 894 654;\" xml:space=\"preserve\"><style type=\"text\/css\">\t.st0{fill:#161614;}<\/style><g>\t<path class=\"st0\" d=\"M0.7,174C0.7,78.3,92.1,0.7,204.8,0.7S409,78.3,409,174c0,241.5-263.5,478-263.5,478l-1.2-0.6  c0,0,153.8-215.2,136.2-316.3c-23.4,7.9-48.9,12.3-75.6,12.3C92.1,347.3,0.7,269.7,0.7,174z\"><\/path>\t<path d=\"M485,174C485,78.3,576.4,0.7,689.2,0.7S893.3,78.3,893.3,174c0,241.5-263.5,478-263.5,478l-1.2-0.6  c0,0,153.8-215.2,136.2-316.3c-23.4,7.9-48.9,12.3-75.6,12.3C576.4,347.3,485,269.7,485,174z\"><\/path><\/g><\/svg>\t\t\t<\/div>\n\t\t<\/div>\n\t\t\t\t\t\t<\/div>\n\t\t\t\t\t<\/div>\n\t\t<\/div>\n\t\t\t\t\t<\/div>\n\t\t<\/section>\n\t\t\t\t<section class=\"elementor-section elementor-top-section elementor-element elementor-element-478064f elementor-section-full_width elementor-section-height-min-height elementor-section-items-stretch elementor-section-height-default\" data-id=\"478064f\" data-element_type=\"section\" data-e-type=\"section\">\n\t\t\t\t\t\t<div class=\"elementor-container elementor-column-gap-default\">\n\t\t\t\t\t<div class=\"elementor-column elementor-col-100 elementor-top-column elementor-element elementor-element-88804d2\" data-id=\"88804d2\" data-element_type=\"column\" data-e-type=\"column\" data-settings=\"{&quot;background_background&quot;:&quot;classic&quot;}\">\n\t\t\t<div class=\"elementor-widget-wrap elementor-element-populated\">\n\t\t\t\t\t<div class=\"elementor-background-overlay\"><\/div>\n\t\t\t\t\t\t<div class=\"elementor-element elementor-element-bdd2e6e animated-slow elementor-invisible elementor-widget elementor-widget-heading\" data-id=\"bdd2e6e\" data-element_type=\"widget\" data-e-type=\"widget\" data-settings=\"{&quot;_animation_delay&quot;:0,&quot;_animation&quot;:&quot;fadeIn&quot;}\" data-widget_type=\"heading.default\">\n\t\t\t\t\t<h3 class=\"elementor-heading-title elementor-size-default\">Entdecken Sie die Kreationen von Chefkoch C\u00e9dric Deckert,  <br>und die unvergessliche Umgebung des Restaurants La Merise.<\/h3>\t\t\t\t<\/div>\n\t\t\t\t<div class=\"elementor-element elementor-element-8dd5af7 elementor-align-center elementor-invisible elementor-widget elementor-widget-button\" data-id=\"8dd5af7\" data-element_type=\"widget\" data-e-type=\"widget\" data-settings=\"{&quot;_animation&quot;:&quot;fadeIn&quot;}\" data-widget_type=\"button.default\">\n\t\t\t\t\t\t\t\t\t\t<a class=\"elementor-button elementor-button-link elementor-size-lg\" href=\"#elementor-action%3Aaction%3Dpopup%3Aopen%26settings%3DeyJpZCI6MTU2NiwidG9nZ2xlIjpmYWxzZX0%3D\">\n\t\t\t\t\t\t<span class=\"elementor-button-content-wrapper\">\n\t\t\t\t\t\t\t\t\t<span class=\"elementor-button-text\">Buchen Sie online<\/span>\n\t\t\t\t\t<\/span>\n\t\t\t\t\t<\/a>\n\t\t\t\t\t\t\t\t<\/div>\n\t\t\t\t<div class=\"elementor-element elementor-element-c6fbffe elementor-invisible elementor-widget elementor-widget-text-editor\" data-id=\"c6fbffe\" data-element_type=\"widget\" data-e-type=\"widget\" data-settings=\"{&quot;_animation&quot;:&quot;fadeIn&quot;}\" data-widget_type=\"text-editor.default\">\n\t\t\t\t\t\t\t\t\t<p>Rufen Sie uns an unter <a title=\"\" href=\"tel:+33388900261\" data-original-title=\"\"><br \/>\n<span title=\"\" data-original-title=\"\" aria-describedby=\"tooltip868133\">+33 (0)3 88 90 02 61<\/span><br \/>\n<\/a><br \/>\noder schreiben Sie uns an <a href=\"mailto:info@lamerise.alsace\">info@lamerise.alsace<\/a><\/p>\n\t\t\t\t\t\t\t\t<\/div>\n\t\t\t\t<div class=\"elementor-element elementor-element-0716033 elementor-widget__width-auto elementor-invisible elementor-widget elementor-widget-image\" data-id=\"0716033\" data-element_type=\"widget\" data-e-type=\"widget\" data-settings=\"{&quot;_animation&quot;:&quot;fadeIn&quot;}\" data-widget_type=\"image.default\">\n\t\t\t\t\t\t\t\t\t\t\t\t\t\t\t\t<a href=\"https:\/\/www.relaischateaux.com\/fr\/restaurant\/la-merise\/\" target=\"_blank\">\n\t\t\t\t\t\t\t<img loading=\"lazy\" decoding=\"async\" width=\"288\" height=\"300\" src=\"https:\/\/lamerise.alsace\/wp-content\/uploads\/2023\/10\/RELAIS_ET_CHATEAUX_LOGO_blanc-288x300.png\" class=\"attachment-medium size-medium wp-image-478\" alt=\"Relais Chateaux\" srcset=\"https:\/\/lamerise.alsace\/wp-content\/uploads\/2023\/10\/RELAIS_ET_CHATEAUX_LOGO_blanc-288x300.png 288w, https:\/\/lamerise.alsace\/wp-content\/uploads\/2023\/10\/RELAIS_ET_CHATEAUX_LOGO_blanc-982x1024.png 982w, https:\/\/lamerise.alsace\/wp-content\/uploads\/2023\/10\/RELAIS_ET_CHATEAUX_LOGO_blanc-768x801.png 768w, https:\/\/lamerise.alsace\/wp-content\/uploads\/2023\/10\/RELAIS_ET_CHATEAUX_LOGO_blanc-1472x1536.png 1472w, https:\/\/lamerise.alsace\/wp-content\/uploads\/2023\/10\/RELAIS_ET_CHATEAUX_LOGO_blanc.png 1690w\" sizes=\"(max-width: 288px) 100vw, 288px\" \/>\t\t\t\t\t\t\t\t<\/a>\n\t\t\t\t\t\t\t\t\t\t\t\t\t\t\t<\/div>\n\t\t\t\t\t<\/div>\n\t\t<\/div>\n\t\t\t\t\t<\/div>\n\t\t<\/section>\n\t\t\t\t<\/div>\n\t\t","protected":false},"excerpt":{"rendered":"<p>Die K\u00fcche Von Cedric Deckert C\u00e9dric Deckert: Ein Geschmacksk\u00fcnstler zwischen Tradition und Moderne C\u00e9dric Deckert hat in der els\u00e4ssischen kulinarischen Welt immer den Weg der Sterne beschritten. Geleitet von der Leidenschaft, sein Wissen zu teilen, f\u00fchrt er sein Team mit einer unendlichen Poesie und teilt die Geheimnisse der gro\u00dfen K\u00fcchenchefs, die seinen Weg gepr\u00e4gt haben. [&hellip;]<\/p>\n","protected":false},"author":1,"featured_media":0,"parent":0,"menu_order":0,"comment_status":"closed","ping_status":"closed","template":"","meta":{"_acf_changed":false,"footnotes":""},"class_list":["post-1605","page","type-page","status-publish","hentry"],"acf":[],"_links":{"self":[{"href":"https:\/\/lamerise.alsace\/de\/wp-json\/wp\/v2\/pages\/1605","targetHints":{"allow":["GET"]}}],"collection":[{"href":"https:\/\/lamerise.alsace\/de\/wp-json\/wp\/v2\/pages"}],"about":[{"href":"https:\/\/lamerise.alsace\/de\/wp-json\/wp\/v2\/types\/page"}],"author":[{"embeddable":true,"href":"https:\/\/lamerise.alsace\/de\/wp-json\/wp\/v2\/users\/1"}],"replies":[{"embeddable":true,"href":"https:\/\/lamerise.alsace\/de\/wp-json\/wp\/v2\/comments?post=1605"}],"version-history":[{"count":1,"href":"https:\/\/lamerise.alsace\/de\/wp-json\/wp\/v2\/pages\/1605\/revisions"}],"predecessor-version":[{"id":1610,"href":"https:\/\/lamerise.alsace\/de\/wp-json\/wp\/v2\/pages\/1605\/revisions\/1610"}],"wp:attachment":[{"href":"https:\/\/lamerise.alsace\/de\/wp-json\/wp\/v2\/media?parent=1605"}],"curies":[{"name":"wp","href":"https:\/\/api.w.org\/{rel}","templated":true}]}}